{"id":2333,"date":"2024-02-26T17:02:40","date_gmt":"2024-02-26T16:02:40","guid":{"rendered":"https:\/\/www.golexic.com\/?page_id=2333"},"modified":"2024-02-26T18:21:07","modified_gmt":"2024-02-26T17:21:07","slug":"general-app-questions","status":"publish","type":"page","link":"https:\/\/golexic.com\/de\/help\/general-app-questions\/","title":{"rendered":"General App questions"},"content":{"rendered":"<div data-elementor-type=\"wp-page\" data-elementor-id=\"2333\" class=\"elementor elementor-2333\" data-elementor-post-type=\"page\">\n\t\t\t\t\t\t<section class=\"elementor-section elementor-top-section elementor-element elementor-element-b3ad55b elementor-section-stretched elementor-section-boxed elementor-section-height-default elementor-section-height-default\" data-id=\"b3ad55b\" data-element_type=\"section\" data-settings=\"{&quot;background_background&quot;:&quot;gradient&quot;,&quot;stretch_section&quot;:&quot;section-stretched&quot;,&quot;background_motion_fx_scale_effect&quot;:&quot;yes&quot;,&quot;shape_divider_bottom&quot;:&quot;curve&quot;,&quot;shape_divider_bottom_negative&quot;:&quot;yes&quot;,&quot;background_motion_fx_scale_direction&quot;:&quot;out-in&quot;,&quot;background_motion_fx_scale_speed&quot;:{&quot;unit&quot;:&quot;px&quot;,&quot;size&quot;:4,&quot;sizes&quot;:[]},&quot;background_motion_fx_scale_range&quot;:{&quot;unit&quot;:&quot;%&quot;,&quot;size&quot;:&quot;&quot;,&quot;sizes&quot;:{&quot;start&quot;:20,&quot;end&quot;:80}},&quot;background_motion_fx_devices&quot;:[&quot;desktop&quot;,&quot;tablet&quot;,&quot;mobile&quot;]}\">\n\t\t\t\t\t<div class=\"elementor-shape elementor-shape-bottom\" aria-hidden=\"true\" data-negative=\"true\">\n\t\t\t<svg xmlns=\"http:\/\/www.w3.org\/2000\/svg\" viewbox=\"0 0 1000 100\" preserveaspectratio=\"none\">\n\t<path class=\"elementor-shape-fill\" d=\"M500,97C126.7,96.3,0.8,19.8,0,0v100l1000,0V1C1000,19.4,873.3,97.8,500,97z\"\/>\n<\/svg>\t\t<\/div>\n\t\t\t\t\t<div class=\"elementor-container elementor-column-gap-default\">\n\t\t\t\t\t<div class=\"elementor-column elementor-col-100 elementor-top-column elementor-element elementor-element-cc6f159\" data-id=\"cc6f159\" data-element_type=\"column\" data-settings=\"{&quot;background_background&quot;:&quot;gradient&quot;}\">\n\t\t\t<div class=\"elementor-widget-wrap elementor-element-populated\">\n\t\t\t\t\t\t<div class=\"elementor-element elementor-element-7e3ae23 elementor-widget elementor-widget-heading\" data-id=\"7e3ae23\" data-element_type=\"widget\" data-widget_type=\"heading.default\">\n\t\t\t\t<div class=\"elementor-widget-container\">\n\t\t\t\t\t<h1 class=\"elementor-heading-title elementor-size-default\">GoLexic Hilfe-Center<\/h1>\t\t\t\t<\/div>\n\t\t\t\t<\/div>\n\t\t\t\t<div class=\"elementor-element elementor-element-891b0b1 elementor-view-stacked elementor-position-inline-start elementor-shape-circle elementor-mobile-position-block-start elementor-widget elementor-widget-icon-box\" data-id=\"891b0b1\" data-element_type=\"widget\" data-widget_type=\"icon-box.default\">\n\t\t\t\t<div class=\"elementor-widget-container\">\n\t\t\t\t\t\t\t<div class=\"elementor-icon-box-wrapper\">\n\n\t\t\t\t\t\t<div class=\"elementor-icon-box-icon\">\n\t\t\t\t<span  class=\"elementor-icon\">\n\t\t\t\t<i aria-hidden=\"true\" class=\"fas fa-question\"><\/i>\t\t\t\t<\/span>\n\t\t\t<\/div>\n\t\t\t\n\t\t\t\t\t\t<div class=\"elementor-icon-box-content\">\n\n\t\t\t\t\t\t\t\t\t<h3 class=\"elementor-icon-box-title\">\n\t\t\t\t\t\t<span  >\n\t\t\t\t\t\t\tAllgemeine Fragen zur App\t\t\t\t\t\t<\/span>\n\t\t\t\t\t<\/h3>\n\t\t\t\t\n\t\t\t\t\n\t\t\t<\/div>\n\t\t\t\n\t\t<\/div>\n\t\t\t\t\t\t<\/div>\n\t\t\t\t<\/div>\n\t\t\t\t\t<\/div>\n\t\t<\/div>\n\t\t\t\t\t<\/div>\n\t\t<\/section>\n\t\t<div class=\"elementor-element elementor-element-b240d44 e-flex e-con-boxed e-con e-parent\" data-id=\"b240d44\" data-element_type=\"container\">\n\t\t\t\t\t<div class=\"e-con-inner\">\n\t\t\t\t<div class=\"elementor-element elementor-element-9152d00 elementor-widget elementor-widget-n-accordion\" data-id=\"9152d00\" data-element_type=\"widget\" data-settings=\"{&quot;max_items_expended&quot;:&quot;multiple&quot;,&quot;default_state&quot;:&quot;all_collapsed&quot;,&quot;n_accordion_animation_duration&quot;:{&quot;unit&quot;:&quot;ms&quot;,&quot;size&quot;:400,&quot;sizes&quot;:[]}}\" data-widget_type=\"nested-accordion.default\">\n\t\t\t\t<div class=\"elementor-widget-container\">\n\t\t\t\t\t\t\t<div class=\"e-n-accordion\" aria-label=\"Accordion. Open links with Enter or Space, close with Escape, and navigate with Arrow Keys\">\n\t\t\t\t\t\t<details id=\"e-n-accordion-item-1520\" class=\"e-n-accordion-item\" >\n\t\t\t\t<summary class=\"e-n-accordion-item-title\" data-accordion-index=\"1\" tabindex=\"0\" aria-expanded=\"false\" aria-controls=\"e-n-accordion-item-1520\" >\n\t\t\t\t\t<span class='e-n-accordion-item-title-header'><div class=\"e-n-accordion-item-title-text\"> Auf welchem Ger\u00e4t kann ich die App verwenden? <\/div><\/span>\n\t\t\t\t\t\t\t<span class='e-n-accordion-item-title-icon'>\n\t\t\t<span class='e-opened' ><i aria-hidden=\"true\" class=\"fas fa-minus\"><\/i><\/span>\n\t\t\t<span class='e-closed'><i aria-hidden=\"true\" class=\"fas fa-plus\"><\/i><\/span>\n\t\t<\/span>\n\n\t\t\t\t\t\t<\/summary>\n\t\t\t\t<div role=\"region\" aria-labelledby=\"e-n-accordion-item-1520\" class=\"elementor-element elementor-element-908eb76 e-con-full e-flex e-con e-child\" data-id=\"908eb76\" data-element_type=\"container\">\n\t\t<div role=\"region\" aria-labelledby=\"e-n-accordion-item-1520\" class=\"elementor-element elementor-element-ad201d5 e-flex e-con-boxed e-con e-child\" data-id=\"ad201d5\" data-element_type=\"container\">\n\t\t\t\t\t<div class=\"e-con-inner\">\n\t\t\t\t<div class=\"elementor-element elementor-element-eb471fa elementor-widget elementor-widget-text-editor\" data-id=\"eb471fa\" data-element_type=\"widget\" data-widget_type=\"text-editor.default\">\n\t\t\t\t<div class=\"elementor-widget-container\">\n\t\t\t\t\t\t\t\t\t<div dir=\"ltr\">Die GoLexic App ist f\u00fcr iPhones und iPads verf\u00fcgbar.<\/div><div dir=\"ltr\">\u00a0<\/div><div dir=\"ltr\">Kompatible Ger\u00e4te:<\/div><ul><li dir=\"ltr\">iPhone: iPhone X, XS, XS Max, XR \/ iPhone 11, 11 Pro, 11 Pro Max \/ iPhone 12, 12 Mini, 12Pro, 12 Pro Max oder neuer.<\/li><li dir=\"ltr\">iPad: iPad Air 2, 3 \/ iPad Mini 4, 5 \/ iPad 5te, 6te, 7te Generation (2017, 2018, 2019) \/ iPad Pro 1te, 2te, 3te, 4te Generation (2015, 2017, 2018, 2020) oder neuer.<\/li><\/ul><div dir=\"ltr\">Die App erfordert iOS 15.0 oder neuer.<\/div>\t\t\t\t\t\t\t\t<\/div>\n\t\t\t\t<\/div>\n\t\t\t\t\t<\/div>\n\t\t\t\t<\/div>\n\t\t\t\t<\/div>\n\t\t\t\t\t<\/details>\n\t\t\t\t\t\t<details id=\"e-n-accordion-item-1521\" class=\"e-n-accordion-item\" >\n\t\t\t\t<summary class=\"e-n-accordion-item-title\" data-accordion-index=\"2\" tabindex=\"-1\" aria-expanded=\"false\" aria-controls=\"e-n-accordion-item-1521\" >\n\t\t\t\t\t<span class='e-n-accordion-item-title-header'><div class=\"e-n-accordion-item-title-text\"> Ist die App f\u00fcr Android verf\u00fcgbar? <\/div><\/span>\n\t\t\t\t\t\t\t<span class='e-n-accordion-item-title-icon'>\n\t\t\t<span class='e-opened' ><i aria-hidden=\"true\" class=\"fas fa-minus\"><\/i><\/span>\n\t\t\t<span class='e-closed'><i aria-hidden=\"true\" class=\"fas fa-plus\"><\/i><\/span>\n\t\t<\/span>\n\n\t\t\t\t\t\t<\/summary>\n\t\t\t\t<div role=\"region\" aria-labelledby=\"e-n-accordion-item-1521\" class=\"elementor-element elementor-element-5e4caf4 e-flex e-con-boxed e-con e-child\" data-id=\"5e4caf4\" data-element_type=\"container\">\n\t\t\t\t\t<div class=\"e-con-inner\">\n\t\t\t\t<div class=\"elementor-element elementor-element-50054eb elementor-widget elementor-widget-text-editor\" data-id=\"50054eb\" data-element_type=\"widget\" data-widget_type=\"text-editor.default\">\n\t\t\t\t<div class=\"elementor-widget-container\">\n\t\t\t\t\t\t\t\t\t<div dir=\"ltr\">Derzeit ist die GoLexic App nicht im Android AppStore verf\u00fcgbar.<\/div>\t\t\t\t\t\t\t\t<\/div>\n\t\t\t\t<\/div>\n\t\t\t\t\t<\/div>\n\t\t\t\t<\/div>\n\t\t\t\t\t<\/details>\n\t\t\t\t\t\t<details id=\"e-n-accordion-item-1522\" class=\"e-n-accordion-item\" >\n\t\t\t\t<summary class=\"e-n-accordion-item-title\" data-accordion-index=\"3\" tabindex=\"-1\" aria-expanded=\"false\" aria-controls=\"e-n-accordion-item-1522\" >\n\t\t\t\t\t<span class='e-n-accordion-item-title-header'><div class=\"e-n-accordion-item-title-text\"> In welchen L\u00e4ndern ist die GoLexic App verf\u00fcgbar? <\/div><\/span>\n\t\t\t\t\t\t\t<span class='e-n-accordion-item-title-icon'>\n\t\t\t<span class='e-opened' ><i aria-hidden=\"true\" class=\"fas fa-minus\"><\/i><\/span>\n\t\t\t<span class='e-closed'><i aria-hidden=\"true\" class=\"fas fa-plus\"><\/i><\/span>\n\t\t<\/span>\n\n\t\t\t\t\t\t<\/summary>\n\t\t\t\t<div role=\"region\" aria-labelledby=\"e-n-accordion-item-1522\" class=\"elementor-element elementor-element-4af136b e-flex e-con-boxed e-con e-child\" data-id=\"4af136b\" data-element_type=\"container\">\n\t\t\t\t\t<div class=\"e-con-inner\">\n\t\t\t\t<div class=\"elementor-element elementor-element-b58521f elementor-widget elementor-widget-text-editor\" data-id=\"b58521f\" data-element_type=\"widget\" data-widget_type=\"text-editor.default\">\n\t\t\t\t<div class=\"elementor-widget-container\">\n\t\t\t\t\t\t\t\t\t<div dir=\"ltr\">Die GoLexic App ist in Gro\u00dfbritannien, Kanada, Deutschland, \u00d6sterreich und Malta verf\u00fcgbar.<\/div><div dir=\"ltr\">\u00a0<\/div><div dir=\"ltr\">Wir werden 2024 in weiteren L\u00e4ndern starten. Um zu erfahren, ob wir in Ihrem Land starten werden, k\u00f6nnen Sie ein Mitglied unseres Teams unter support@golexic.com fragen.<\/div>\t\t\t\t\t\t\t\t<\/div>\n\t\t\t\t<\/div>\n\t\t\t\t\t<\/div>\n\t\t\t\t<\/div>\n\t\t\t\t\t<\/details>\n\t\t\t\t\t\t<details id=\"e-n-accordion-item-1523\" class=\"e-n-accordion-item\" >\n\t\t\t\t<summary class=\"e-n-accordion-item-title\" data-accordion-index=\"4\" tabindex=\"-1\" aria-expanded=\"false\" aria-controls=\"e-n-accordion-item-1523\" >\n\t\t\t\t\t<span class='e-n-accordion-item-title-header'><div class=\"e-n-accordion-item-title-text\"> Kann die GoLexic App von mehreren Benutzern verwendet werden? <\/div><\/span>\n\t\t\t\t\t\t\t<span class='e-n-accordion-item-title-icon'>\n\t\t\t<span class='e-opened' ><i aria-hidden=\"true\" class=\"fas fa-minus\"><\/i><\/span>\n\t\t\t<span class='e-closed'><i aria-hidden=\"true\" class=\"fas fa-plus\"><\/i><\/span>\n\t\t<\/span>\n\n\t\t\t\t\t\t<\/summary>\n\t\t\t\t<div role=\"region\" aria-labelledby=\"e-n-accordion-item-1523\" class=\"elementor-element elementor-element-a6e0c0d e-flex e-con-boxed e-con e-child\" data-id=\"a6e0c0d\" data-element_type=\"container\">\n\t\t\t\t\t<div class=\"e-con-inner\">\n\t\t\t\t<div class=\"elementor-element elementor-element-89a4186 elementor-widget elementor-widget-text-editor\" data-id=\"89a4186\" data-element_type=\"widget\" data-widget_type=\"text-editor.default\">\n\t\t\t\t<div class=\"elementor-widget-container\">\n\t\t\t\t\t\t\t\t\t<div dir=\"ltr\">Nein, zur Zeit kann die App nur mit einem Konto verwendet werden. Konten k\u00f6nnen auch nicht zwischen Kindern geteilt werden, da der Inhalt f\u00fcr das Kind, das die Aktivit\u00e4ten durchf\u00fchrt, personalisiert ist.<\/div><div dir=\"ltr\">\u00a0<\/div><div dir=\"ltr\">Wenn Sie m\u00f6chten, dass die App mehrere Benutzer unterst\u00fctzt, lassen Sie es uns bitte wissen, indem Sie \u00fcber unsere Roadmap-Funktionen abstimmen!<\/div>\t\t\t\t\t\t\t\t<\/div>\n\t\t\t\t<\/div>\n\t\t\t\t\t<\/div>\n\t\t\t\t<\/div>\n\t\t\t\t\t<\/details>\n\t\t\t\t\t<\/div>\n\t\t\t\t\t\t<\/div>\n\t\t\t\t<\/div>\n\t\t\t\t\t<\/div>\n\t\t\t\t<\/div>\n\t\t<div class=\"elementor-element elementor-element-a4de48c e-flex e-con-boxed e-con e-parent\" data-id=\"a4de48c\" data-element_type=\"container\">\n\t\t\t\t\t<div class=\"e-con-inner\">\n\t\t\t\t\t<\/div>\n\t\t\t\t<\/div>\n\t\t\t\t<\/div>","protected":false},"excerpt":{"rendered":"<p>GoLexic Help Center General App-related questions On what device can I use the app The GoLexic App is available on iPhones and iPads.\u00a0Compatible devices: iPhone: iPhone X, XS, XS Max, XR \/ iPhone 11, 11 Pro, 11 Pro Max \/ iPhone 12, 12 Mini, 12Pro, 12 Pro Max. iPad: iPad Air 2, 3 \/ iPad [&hellip;]<\/p>","protected":false},"author":1,"featured_media":0,"parent":2295,"menu_order":0,"comment_status":"closed","ping_status":"closed","template":"","meta":{"site-sidebar-layout":"no-sidebar","site-content-layout":"page-builder","ast-site-content-layout":"full-width-container","site-content-style":"default","site-sidebar-style":"default","ast-global-header-display":"","ast-banner-title-visibility":"","ast-main-header-display":"","ast-hfb-above-header-display":"","ast-hfb-below-header-display":"","ast-hfb-mobile-header-display":"","site-post-title":"disabled","ast-breadcrumbs-content":"","ast-featured-img":"disabled","footer-sml-layout":"","theme-transparent-header-meta":"","adv-header-id-meta":"","stick-header-meta":"","header-above-stick-meta":"","header-main-stick-meta":"","header-below-stick-meta":"","astra-migrate-meta-layouts":"set","ast-page-background-enabled":"default","ast-page-background-meta":{"desktop":{"background-color":"var(--ast-global-color-4)","background-image":"","background-repeat":"repeat","background-position":"center center","background-size":"auto","background-attachment":"scroll","background-type":"","background-media":"","overlay-type":"","overlay-color":"","overlay-opacity":"","overlay-gradient":""},"tablet":{"background-color":"","background-image":"","background-repeat":"repeat","background-position":"center center","background-size":"auto","background-attachment":"scroll","background-type":"","background-media":"","overlay-type":"","overlay-color":"","overlay-opacity":"","overlay-gradient":""},"mobile":{"background-color":"","background-image":"","background-repeat":"repeat","background-position":"center center","background-size":"auto","background-attachment":"scroll","background-type":"","background-media":"","overlay-type":"","overlay-color":"","overlay-opacity":"","overlay-gradient":""}},"ast-content-background-meta":{"desktop":{"background-color":"var(--ast-global-color-5)","background-image":"","background-repeat":"repeat","background-position":"center center","background-size":"auto","background-attachment":"scroll","background-type":"","background-media":"","overlay-type":"","overlay-color":"","overlay-opacity":"","overlay-gradient":""},"tablet":{"background-color":"var(--ast-global-color-5)","background-image":"","background-repeat":"repeat","background-position":"center center","background-size":"auto","background-attachment":"scroll","background-type":"","background-media":"","overlay-type":"","overlay-color":"","overlay-opacity":"","overlay-gradient":""},"mobile":{"background-color":"var(--ast-global-color-5)","background-image":"","background-repeat":"repeat","background-position":"center center","background-size":"auto","background-attachment":"scroll","background-type":"","background-media":"","overlay-type":"","overlay-color":"","overlay-opacity":"","overlay-gradient":""}},"footnotes":""},"class_list":["post-2333","page","type-page","status-publish","hentry"],"yoast_head":"<!-- This site is optimized with the Yoast SEO plugin v26.8 - https:\/\/yoast.com\/product\/yoast-seo-wordpress\/ -->\n<title>General App questions - GoLexic<\/title>\n<meta name=\"robots\" content=\"index, follow, max-snippet:-1, max-image-preview:large, max-video-preview:-1\" \/>\n<link rel=\"canonical\" href=\"https:\/\/www.golexic.com\/help\/general-app-questions\/\" \/>\n<meta property=\"og:locale\" content=\"de_DE\" \/>\n<meta property=\"og:type\" content=\"article\" \/>\n<meta property=\"og:title\" content=\"General App questions - GoLexic\" \/>\n<meta property=\"og:description\" content=\"GoLexic Help Center General App-related questions On what device can I use the app The GoLexic App is available on iPhones and iPads.\u00a0Compatible devices: iPhone: iPhone X, XS, XS Max, XR \/ iPhone 11, 11 Pro, 11 Pro Max \/ iPhone 12, 12 Mini, 12Pro, 12 Pro Max. iPad: iPad Air 2, 3 \/ iPad [&hellip;]\" \/>\n<meta property=\"og:url\" content=\"https:\/\/www.golexic.com\/help\/general-app-questions\/\" \/>\n<meta property=\"og:site_name\" content=\"GoLexic\" \/>\n<meta property=\"article:modified_time\" content=\"2024-02-26T17:21:07+00:00\" \/>\n<meta name=\"twitter:card\" content=\"summary_large_image\" \/>\n<meta name=\"twitter:label1\" content=\"Gesch\u00e4tzte Lesezeit\" \/>\n\t<meta name=\"twitter:data1\" content=\"2\u00a0Minuten\" \/>\n<script type=\"application\/ld+json\" class=\"yoast-schema-graph\">{\"@context\":\"https:\/\/schema.org\",\"@graph\":[{\"@type\":\"WebPage\",\"@id\":\"https:\/\/www.golexic.com\/help\/general-app-questions\/\",\"url\":\"https:\/\/www.golexic.com\/help\/general-app-questions\/\",\"name\":\"General App questions - GoLexic\",\"isPartOf\":{\"@id\":\"https:\/\/www.golexic.com\/#website\"},\"datePublished\":\"2024-02-26T16:02:40+00:00\",\"dateModified\":\"2024-02-26T17:21:07+00:00\",\"breadcrumb\":{\"@id\":\"https:\/\/www.golexic.com\/help\/general-app-questions\/#breadcrumb\"},\"inLanguage\":\"de\",\"potentialAction\":[{\"@type\":\"ReadAction\",\"target\":[\"https:\/\/www.golexic.com\/help\/general-app-questions\/\"]}]},{\"@type\":\"BreadcrumbList\",\"@id\":\"https:\/\/www.golexic.com\/help\/general-app-questions\/#breadcrumb\",\"itemListElement\":[{\"@type\":\"ListItem\",\"position\":1,\"name\":\"Home\",\"item\":\"https:\/\/golexic.com\/\"},{\"@type\":\"ListItem\",\"position\":2,\"name\":\"GoLexic Help Center\",\"item\":\"https:\/\/www.golexic.com\/help\/\"},{\"@type\":\"ListItem\",\"position\":3,\"name\":\"General App questions\"}]},{\"@type\":\"WebSite\",\"@id\":\"https:\/\/www.golexic.com\/#website\",\"url\":\"https:\/\/www.golexic.com\/\",\"name\":\"GoLexic\",\"description\":\"The App for children with dyslexia and reading difficulties\",\"publisher\":{\"@id\":\"https:\/\/www.golexic.com\/#organization\"},\"potentialAction\":[{\"@type\":\"SearchAction\",\"target\":{\"@type\":\"EntryPoint\",\"urlTemplate\":\"https:\/\/www.golexic.com\/?s={search_term_string}\"},\"query-input\":{\"@type\":\"PropertyValueSpecification\",\"valueRequired\":true,\"valueName\":\"search_term_string\"}}],\"inLanguage\":\"de\"},{\"@type\":\"Organization\",\"@id\":\"https:\/\/www.golexic.com\/#organization\",\"name\":\"GoLexic\",\"url\":\"https:\/\/www.golexic.com\/\",\"logo\":{\"@type\":\"ImageObject\",\"inLanguage\":\"de\",\"@id\":\"https:\/\/www.golexic.com\/#\/schema\/logo\/image\/\",\"url\":\"https:\/\/golexic.com\/wp-content\/uploads\/2023\/08\/cropped-GoLexic-logo-small.jpg\",\"contentUrl\":\"https:\/\/golexic.com\/wp-content\/uploads\/2023\/08\/cropped-GoLexic-logo-small.jpg\",\"width\":120,\"height\":23,\"caption\":\"GoLexic\"},\"image\":{\"@id\":\"https:\/\/www.golexic.com\/#\/schema\/logo\/image\/\"}}]}<\/script>\n<!-- \/ Yoast SEO plugin. -->","yoast_head_json":{"title":"General App questions - GoLexic","robots":{"index":"index","follow":"follow","max-snippet":"max-snippet:-1","max-image-preview":"max-image-preview:large","max-video-preview":"max-video-preview:-1"},"canonical":"https:\/\/www.golexic.com\/help\/general-app-questions\/","og_locale":"de_DE","og_type":"article","og_title":"General App questions - GoLexic","og_description":"GoLexic Help Center General App-related questions On what device can I use the app The GoLexic App is available on iPhones and iPads.\u00a0Compatible devices: iPhone: iPhone X, XS, XS Max, XR \/ iPhone 11, 11 Pro, 11 Pro Max \/ iPhone 12, 12 Mini, 12Pro, 12 Pro Max. iPad: iPad Air 2, 3 \/ iPad [&hellip;]","og_url":"https:\/\/www.golexic.com\/help\/general-app-questions\/","og_site_name":"GoLexic","article_modified_time":"2024-02-26T17:21:07+00:00","twitter_card":"summary_large_image","twitter_misc":{"Gesch\u00e4tzte Lesezeit":"2\u00a0Minuten"},"schema":{"@context":"https:\/\/schema.org","@graph":[{"@type":"WebPage","@id":"https:\/\/www.golexic.com\/help\/general-app-questions\/","url":"https:\/\/www.golexic.com\/help\/general-app-questions\/","name":"General App questions - GoLexic","isPartOf":{"@id":"https:\/\/www.golexic.com\/#website"},"datePublished":"2024-02-26T16:02:40+00:00","dateModified":"2024-02-26T17:21:07+00:00","breadcrumb":{"@id":"https:\/\/www.golexic.com\/help\/general-app-questions\/#breadcrumb"},"inLanguage":"de","potentialAction":[{"@type":"ReadAction","target":["https:\/\/www.golexic.com\/help\/general-app-questions\/"]}]},{"@type":"BreadcrumbList","@id":"https:\/\/www.golexic.com\/help\/general-app-questions\/#breadcrumb","itemListElement":[{"@type":"ListItem","position":1,"name":"Home","item":"https:\/\/golexic.com\/"},{"@type":"ListItem","position":2,"name":"GoLexic Help Center","item":"https:\/\/www.golexic.com\/help\/"},{"@type":"ListItem","position":3,"name":"General App questions"}]},{"@type":"WebSite","@id":"https:\/\/www.golexic.com\/#website","url":"https:\/\/www.golexic.com\/","name":"GoLexic","description":"The App for children with dyslexia and reading difficulties","publisher":{"@id":"https:\/\/www.golexic.com\/#organization"},"potentialAction":[{"@type":"SearchAction","target":{"@type":"EntryPoint","urlTemplate":"https:\/\/www.golexic.com\/?s={search_term_string}"},"query-input":{"@type":"PropertyValueSpecification","valueRequired":true,"valueName":"search_term_string"}}],"inLanguage":"de"},{"@type":"Organization","@id":"https:\/\/www.golexic.com\/#organization","name":"GoLexic","url":"https:\/\/www.golexic.com\/","logo":{"@type":"ImageObject","inLanguage":"de","@id":"https:\/\/www.golexic.com\/#\/schema\/logo\/image\/","url":"https:\/\/golexic.com\/wp-content\/uploads\/2023\/08\/cropped-GoLexic-logo-small.jpg","contentUrl":"https:\/\/golexic.com\/wp-content\/uploads\/2023\/08\/cropped-GoLexic-logo-small.jpg","width":120,"height":23,"caption":"GoLexic"},"image":{"@id":"https:\/\/www.golexic.com\/#\/schema\/logo\/image\/"}}]}},"_links":{"self":[{"href":"https:\/\/golexic.com\/de\/wp-json\/wp\/v2\/pages\/2333","targetHints":{"allow":["GET"]}}],"collection":[{"href":"https:\/\/golexic.com\/de\/wp-json\/wp\/v2\/pages"}],"about":[{"href":"https:\/\/golexic.com\/de\/wp-json\/wp\/v2\/types\/page"}],"author":[{"embeddable":true,"href":"https:\/\/golexic.com\/de\/wp-json\/wp\/v2\/users\/1"}],"replies":[{"embeddable":true,"href":"https:\/\/golexic.com\/de\/wp-json\/wp\/v2\/comments?post=2333"}],"version-history":[{"count":7,"href":"https:\/\/golexic.com\/de\/wp-json\/wp\/v2\/pages\/2333\/revisions"}],"predecessor-version":[{"id":2365,"href":"https:\/\/golexic.com\/de\/wp-json\/wp\/v2\/pages\/2333\/revisions\/2365"}],"up":[{"embeddable":true,"href":"https:\/\/golexic.com\/de\/wp-json\/wp\/v2\/pages\/2295"}],"wp:attachment":[{"href":"https:\/\/golexic.com\/de\/wp-json\/wp\/v2\/media?parent=2333"}],"curies":[{"name":"wp","href":"https:\/\/api.w.org\/{rel}","templated":true}]}}